{"id":5,"date":"2012-11-03T14:55:06","date_gmt":"2012-11-03T13:55:06","guid":{"rendered":"http:\/\/xn--schnberg-74a.dk\/?page_id=5"},"modified":"2023-04-26T10:28:03","modified_gmt":"2023-04-26T09:28:03","slug":"om","status":"publish","type":"page","link":"https:\/\/www.sch\u00f8nberg.dk\/?page_id=5","title":{"rendered":"PROFIL"},"content":{"rendered":"<p><strong>\u00a0Mine kernekompetencer:\u00a0<\/strong><\/p>\n<ul>\n<li><strong>IT-Projektledelse<\/strong><\/li>\n<li><strong>Forretningsforst\u00e5else<\/strong><\/li>\n<li><strong>God til at h\u00e5ndtere interne og eksterne interessenter<\/strong><\/li>\n<li><strong>Kan beg\u00e5 mig p\u00e5 alle niveauer i en organisation<\/strong><\/li>\n<li><strong><strong>St\u00e6rk forhandler<\/strong><\/strong><\/li>\n<li><strong>God til at opbygge teams, motivere og begejstre<\/strong><\/li>\n<\/ul>\n<p style=\"text-align: left;\">Jeg er meget udadvendt og \u00e5ben og altid glad. Trives bedst, n\u00e5r jeg udvikler mig og f\u00e5r nye udfordringer. S\u00e6tter mig hurtigt ind i nye systemer og komplekse l\u00f8sninger. Er kreativ, id\u00e9rig og har en forretningsm\u00e6ssig tilgang til mit arbejde og leverer gode l\u00f8sninger. God til at motivere og spreder en god stemning omkring mig. Trives godt i jobs der er teambaseret og er god til at forhandle og skabe begejstring omkring nye projekter. Skaber positive relationer til mennesker omkring mig og er altid klar til at give en hj\u00e6lpende h\u00e5nd, hvor det kr\u00e6ves.<\/p>\n<p><strong>Som person er jeg empatisk, og jeg stimulerer og tilf\u00f8rer andre energi gennem min smittende begejstring.<\/strong><\/p>\n<p>&nbsp;<\/p>\n","protected":false},"excerpt":{"rendered":"<p>\u00a0Mine kernekompetencer:\u00a0 IT-Projektledelse Forretningsforst\u00e5else God til at h\u00e5ndtere interne og eksterne interessenter Kan beg\u00e5 mig p\u00e5 alle niveauer i en organisation St\u00e6rk forhandler God til at opbygge teams, motivere og begejstre Jeg er meget udadvendt og \u00e5ben og altid glad. Trives bedst, n\u00e5r jeg udvikler mig og f\u00e5r nye udfordringer. S\u00e6tter mig hurtigt ind i<a href=\"https:\/\/www.sch\u00f8nberg.dk\/?page_id=5\">[&#8230;]<\/a><\/p>\n","protected":false},"author":1,"featured_media":650,"parent":0,"menu_order":0,"comment_status":"open","ping_status":"open","template":"","meta":{"footnotes":""},"_links":{"self":[{"href":"https:\/\/www.sch\u00f8nberg.dk\/index.php?rest_route=\/wp\/v2\/pages\/5"}],"collection":[{"href":"https:\/\/www.sch\u00f8nberg.dk\/index.php?rest_route=\/wp\/v2\/pages"}],"about":[{"href":"https:\/\/www.sch\u00f8nberg.dk\/index.php?rest_route=\/wp\/v2\/types\/page"}],"author":[{"embeddable":true,"href":"https:\/\/www.sch\u00f8nberg.dk\/index.php?rest_route=\/wp\/v2\/users\/1"}],"replies":[{"embeddable":true,"href":"https:\/\/www.sch\u00f8nberg.dk\/index.php?rest_route=%2Fwp%2Fv2%2Fcomments&post=5"}],"version-history":[{"count":149,"href":"https:\/\/www.sch\u00f8nberg.dk\/index.php?rest_route=\/wp\/v2\/pages\/5\/revisions"}],"predecessor-version":[{"id":667,"href":"https:\/\/www.sch\u00f8nberg.dk\/index.php?rest_route=\/wp\/v2\/pages\/5\/revisions\/667"}],"wp:featuredmedia":[{"embeddable":true,"href":"https:\/\/www.sch\u00f8nberg.dk\/index.php?rest_route=\/wp\/v2\/media\/650"}],"wp:attachment":[{"href":"https:\/\/www.sch\u00f8nberg.dk\/index.php?rest_route=%2Fwp%2Fv2%2Fmedia&parent=5"}],"curies":[{"name":"wp","href":"https:\/\/api.w.org\/{rel}","templated":true}]}}